{"id":16337,"date":"2014-03-24T10:54:51","date_gmt":"2014-03-24T10:54:51","guid":{"rendered":"https:\/\/quarckabogados.com\/sobre-nosotros\/"},"modified":"2025-09-23T09:21:01","modified_gmt":"2025-09-23T09:21:01","slug":"sobre-nosotros","status":"publish","type":"page","link":"https:\/\/quarckabogados.com\/es\/sobre-nosotros\/","title":{"rendered":"Sobre nosotros"},"content":{"rendered":"<div class=\"wpb-content-wrapper\"><p>[vc_row css_animation=\u00bb\u00bb row_type=\u00bbrow\u00bb use_row_as_full_screen_section=\u00bbno\u00bb type=\u00bbgrid\u00bb angled_section=\u00bbno\u00bb text_align=\u00bbleft\u00bb background_image_as_pattern=\u00bbwithout_pattern\u00bb padding_top=\u00bb102&#8243; el_class=\u00bbicon_border\u00bb padding_bottom=\u00bb0&#8243;][vc_column][vc_column_text css=\u00bb\u00bb]<\/p>\n<h2 style=\"text-align: center;\">la firma<\/h2>\n<p>[\/vc_column_text][vc_separator type=\u00bbsmall\u00bb position=\u00bbcenter\u00bb up=\u00bb33&#8243; down=\u00bb58&#8243;][vc_row_inner row_type=\u00bbrow\u00bb type=\u00bbfull_width\u00bb text_align=\u00bbleft\u00bb css_animation=\u00bb\u00bb][vc_column_inner width=\u00bb1\/3&#8243;][vc_column_text css=\u00bb\u00bb]Quarck Abogados es una firma de asesor\u00eda legal y fiscal que ofrece a sus clientes un asesoramiento personalizado, adaptado a sus necesidades y enfocado en brindar soluciones pr\u00e1cticas y efectivas. Nuestro trabajo se basa en la calidad, la eficiencia y la amplia experiencia de nuestro equipo de profesionales.[\/vc_column_text][vc_separator type=\u00bbtransparent\u00bb up=\u00bb43&#8243; down=\u00bb0&#8243;][\/vc_column_inner][vc_column_inner width=\u00bb2\/3&#8243;][vc_single_image image=\u00bb16148&#8243; img_size=\u00bbmedium\u00bb alignment=\u00bbcenter\u00bb css=\u00bb\u00bb qode_css_animation=\u00bb\u00bb][\/vc_column_inner][\/vc_row_inner][\/vc_column][\/vc_row][vc_row css_animation=\u00bb\u00bb row_type=\u00bbrow\u00bb use_row_as_full_screen_section=\u00bbno\u00bb type=\u00bbfull_width\u00bb angled_section=\u00bbno\u00bb text_align=\u00bbcenter\u00bb background_image_as_pattern=\u00bbwithout_pattern\u00bb el_class=\u00bbiconsection\u00bb][vc_column]<span data-type=\"circle\"   class=\"qode_icon_shortcode fa-stack q_font_awsome_icon_stack fa-4x pull-center \" style=\" \"><i class=\"fa fa-circle fa-stack-base fa-stack-2x\" style=\"color: #9b825e;\"><\/i><i class=\"qode_icon_font_awesome fa fa-university qode_icon_element fa-stack-1x\" style=\"font-size: 51px;color: #ffffff;\" ><\/i><\/span>[\/vc_column][\/vc_row][vc_row row_type=\u00bbparallax\u00bb parallax_content_width=\u00bbin_grid\u00bb text_align=\u00bbleft\u00bb full_screen_section_height=\u00bbno\u00bb background_image=\u00bb15290&#8243; section_height=\u00bb300&#8243;][vc_column][vc_separator type=\u00bbtransparent\u00bb up=\u00bb86&#8243; down=\u00bb0&#8243;][vc_column_text css=\u00bb\u00bb]<\/p>\n<h2 style=\"text-align: center;\">\u00c1REAS DE PR\u00c1CTICA<\/h2>\n<p>[\/vc_column_text][vc_separator type=\u00bbtransparent\u00bb up=\u00bb20&#8243; down=\u00bb0&#8243;][vc_column_text css=\u00bb\u00bb]Nuestras \u00e1reas de pr\u00e1ctica abarcan el derecho farmac\u00e9utico, societario, fiscal y administrativo. En particular, contamos con un \u00e1rea de pr\u00e1ctica especializada con amplia experiencia en asesor\u00eda legal a empresas de los sectores farmac\u00e9utico, de dispositivos m\u00e9dicos, biotecnol\u00f3gico y de otras ciencias de la vida.[\/vc_column_text][vc_separator type=\u00bbtransparent\u00bb up=\u00bb85&#8243; down=\u00bb0&#8243;][\/vc_column][\/vc_row][vc_row css_animation=\u00bb\u00bb row_type=\u00bbrow\u00bb use_row_as_full_screen_section=\u00bbno\u00bb type=\u00bbgrid\u00bb angled_section=\u00bbno\u00bb text_align=\u00bbleft\u00bb background_image_as_pattern=\u00bbwithout_pattern\u00bb padding_top=\u00bb87&#8243; padding_bottom=\u00bb34&#8243;][vc_column][vc_column_text]<\/p>\n<h3 style=\"text-align: center;\">El equipo legal<\/h3>\n<p>[\/vc_column_text][vc_separator type=\u00bbsmall\u00bb position=\u00bbcenter\u00bb down=\u00bb45&#8243; up=\u00bb33&#8243;][vc_row_inner row_type=\u00bbrow\u00bb type=\u00bbfull_width\u00bb text_align=\u00bbleft\u00bb css_animation=\u00bb\u00bb][vc_column_inner width=\u00bb1\/4&#8243;]<div class=\"q_team\" ><div class=\"q_team_inner\"><div class=\"q_team_image\"><img decoding=\"async\" itemprop=\"image\" src=\"https:\/\/quarckabogados.com\/wp-content\/uploads\/2014\/03\/team22.jpg\" alt=\"team2\" \/><\/div><div class='q_team_text' ><div class=\"q_team_text_inner\"><div class=\"q_team_title_holder\"><h3 class=\"q_team_name\" >Juan Jos\u00e9 Mateo<\/h3><span >Partner<\/span><\/div><div class='separator small center' ><\/div><\/div><div class='q_team_social_holder'><\/div><\/div><\/div><\/div>[vc_separator type=\u00bbtransparent\u00bb up=\u00bb60&#8243; down=\u00bb0&#8243;][\/vc_column_inner][vc_column_inner width=\u00bb1\/4&#8243;]<div class=\"q_team\" ><div class=\"q_team_inner\"><div class=\"q_team_image\"><img decoding=\"async\" itemprop=\"image\" src=\"https:\/\/quarckabogados.com\/wp-content\/uploads\/2014\/03\/team08.jpg\" alt=\"team08\" \/><\/div><div class='q_team_text' ><div class=\"q_team_text_inner\"><div class=\"q_team_title_holder\"><h3 class=\"q_team_name\" >Joaqu\u00edn Gil<\/h3><span >Partner<\/span><\/div><div class='separator small center' ><\/div><\/div><div class='q_team_social_holder'><\/div><\/div><\/div><\/div>[vc_separator type=\u00bbtransparent\u00bb up=\u00bb60&#8243; down=\u00bb0&#8243;][\/vc_column_inner][vc_column_inner width=\u00bb1\/4&#8243;]<div class=\"q_team\" ><div class=\"q_team_inner\"><div class=\"q_team_image\"><img decoding=\"async\" itemprop=\"image\" src=\"https:\/\/quarckabogados.com\/wp-content\/uploads\/2014\/03\/team.jpg\" alt=\"team\" \/><\/div><div class='q_team_text' ><div class=\"q_team_text_inner\"><div class=\"q_team_title_holder\"><h3 class=\"q_team_name\" >Alonso Moleiro<\/h3><span >Partner<\/span><\/div><div class='separator small center' ><\/div><\/div><div class='q_team_social_holder'><\/div><\/div><\/div><\/div>[vc_separator type=\u00bbtransparent\u00bb up=\u00bb60&#8243; down=\u00bb0&#8243;][\/vc_column_inner][vc_column_inner width=\u00bb1\/4&#8243;]<div class=\"q_team\" ><div class=\"q_team_inner\"><div class=\"q_team_image\"><img decoding=\"async\" itemprop=\"image\" src=\"https:\/\/quarckabogados.com\/wp-content\/uploads\/2014\/03\/team31.jpg\" alt=\"team3\" \/><\/div><div class='q_team_text' ><div class=\"q_team_text_inner\"><div class=\"q_team_title_holder\"><h3 class=\"q_team_name\" >Leticia Garc\u00eda<\/h3><span >Associada<\/span><\/div><div class='separator small center' ><\/div><\/div><div class='q_team_social_holder'><\/div><\/div><\/div><\/div>[vc_separator type=\u00bbtransparent\u00bb up=\u00bb60&#8243; down=\u00bb0&#8243;][\/vc_column_inner][\/vc_row_inner][\/vc_column][\/vc_row][vc_row css_animation=\u00bb\u00bb row_type=\u00bbrow\u00bb use_row_as_full_screen_section=\u00bbno\u00bb type=\u00bbgrid\u00bb angled_section=\u00bbno\u00bb text_align=\u00bbcenter\u00bb background_image_as_pattern=\u00bbwithout_pattern\u00bb background_color=\u00bb#9b825e\u00bb padding_top=\u00bb45&#8243; padding_bottom=\u00bb45&#8243; z_index=\u00bb\u00bb][vc_column]<div class=\"custom_font_holder \" style=\"font-family: Lora; font-style: normal; font-weight: 400; color: #ffffff; text-decoration: none; text-align: center; --qode-cf-font-size: 18px; --qode-cf-line-height: 22px; --qode-cf-font-size-1440: 18px; --qode-cf-line-height-1440: 22px; --qode-cf-font-size-1366: 18px; --qode-cf-line-height-1366: 22px; --qode-cf-font-size-1280: 18px; --qode-cf-line-height-1280: 22px; --qode-cf-font-size-1024: 18px; --qode-cf-line-height-1024: 22px; --qode-cf-font-size-768: 18px; --qode-cf-line-height-768: 22px; --qode-cf-font-size-680: 18px; --qode-cf-line-height-680: 22px; --qode-cf-font-size-480: 18px; --qode-cf-line-height-480: 22px;\">A lo largo de los a\u00f1os, nuestro compromiso con la excelencia y la pasi\u00f3n por nuestros clientes ha sido reconocido.<\/div>[\/vc_column][\/vc_row][vc_row row_type=\u00bbparallax\u00bb parallax_content_width=\u00bbin_grid\u00bb text_align=\u00bbleft\u00bb full_screen_section_height=\u00bbno\u00bb background_image=\u00bb15358&#8243; section_height=\u00bb610&#8243;][vc_column][vc_separator type=\u00bbtransparent\u00bb up=\u00bb86&#8243; down=\u00bb0&#8243;][vc_column_text css=\u00bb\u00bb]<\/p>\n<h3 style=\"text-align: center;\">Conocimiento y experiencia<\/h3>\n<p>[\/vc_column_text][vc_separator type=\u00bbsmall\u00bb position=\u00bbcenter\u00bb up=\u00bb33&#8243; down=\u00bb58&#8243;][vc_row_inner row_type=\u00bbrow\u00bb type=\u00bbfull_width\u00bb text_align=\u00bbleft\u00bb css_animation=\u00bb\u00bb][vc_column_inner width=\u00bb1\/4&#8243;][vc_column_text css=\u00bb\u00bb]<\/p>\n<h4><strong data-start=\"98\" data-end=\"120\">Derecho Farmac\u00e9utico<\/strong><\/h4>\n<p>[\/vc_column_text][vc_separator type=\u00bbsmall\u00bb position=\u00bbleft\u00bb up=\u00bb15&#8243; down=\u00bb15&#8243;][vc_column_text css=\u00bb\u00bb]Asesoramiento legal sobre cumplimiento normativo, patentes, ensayos cl\u00ednicos y acceso al mercado en el sector de las ciencias de la vida.[\/vc_column_text][vc_separator type=\u00bbtransparent\u00bb up=\u00bb39&#8243; down=\u00bb0&#8243;][\/vc_column_inner][vc_column_inner width=\u00bb1\/4&#8243;][vc_column_text css=\u00bb\u00bb]<\/p>\n<h4>Derecho tributario<\/h4>\n<p>[\/vc_column_text][vc_separator type=\u00bbsmall\u00bb position=\u00bbleft\u00bb up=\u00bb15&#8243; down=\u00bb15&#8243;][vc_column_text css=\u00bb\u00bb]Planificaci\u00f3n y defensa fiscal estrat\u00e9gica para asegurar el cumplimiento optimizando la eficiencia fiscal.[\/vc_column_text][vc_separator type=\u00bbtransparent\u00bb up=\u00bb39&#8243; down=\u00bb0&#8243;][\/vc_column_inner][vc_column_inner width=\u00bb1\/4&#8243;][vc_column_text css=\u00bb\u00bb]<\/p>\n<h4>Derecho Mercantil<\/h4>\n<p>[\/vc_column_text][vc_separator type=\u00bbsmall\u00bb position=\u00bbleft\u00bb up=\u00bb15&#8243; down=\u00bb15&#8243;][vc_column_text css=\u00bb\u00bb]Asesoramiento integral en contrataci\u00f3n mercantil, gobierno corporativo y transacciones empresariales.[\/vc_column_text][vc_separator type=\u00bbtransparent\u00bb up=\u00bb39&#8243; down=\u00bb0&#8243;][\/vc_column_inner][vc_column_inner width=\u00bb1\/4&#8243;][vc_column_text css=\u00bb\u00bb]<\/p>\n<h4><strong data-start=\"479\" data-end=\"501\">Derecho Administrativo<\/strong><\/h4>\n<p>[\/vc_column_text][vc_separator type=\u00bbsmall\u00bb position=\u00bbleft\u00bb up=\u00bb15&#8243; down=\u00bb15&#8243;][vc_column_text css=\u00bb\u00bb]Counsel on regulatory matters, public procurement, and relations with government authorities[\/vc_column_text][vc_separator type=\u00bbtransparent\u00bb up=\u00bb39&#8243; down=\u00bb0&#8243;][\/vc_column_inner][\/vc_row_inner][\/vc_column][\/vc_row]<\/p>\n<\/div>","protected":false},"excerpt":{"rendered":"<p>[vc_row css_animation=\u00bb\u00bb row_type=\u00bbrow\u00bb use_row_as_full_screen_section=\u00bbno\u00bb type=\u00bbgrid\u00bb angled_section=\u00bbno\u00bb text_align=\u00bbleft\u00bb background_image_as_pattern=\u00bbwithout_pattern\u00bb padding_top=\u00bb102&#8243; el_class=\u00bbicon_border\u00bb padding_bottom=\u00bb0&#8243;][vc_column][vc_column_text css=\u00bb\u00bb] la firma [\/vc_column_text][vc_separator type=\u00bbsmall\u00bb position=\u00bbcenter\u00bb up=\u00bb33&#8243; down=\u00bb58&#8243;][vc_row_inner row_type=\u00bbrow\u00bb type=\u00bbfull_width\u00bb text_align=\u00bbleft\u00bb css_animation=\u00bb\u00bb][vc_column_inner width=\u00bb1\/3&#8243;][vc_column_text css=\u00bb\u00bb]Quarck Abogados es una firma de asesor\u00eda legal y fiscal que ofrece a sus clientes un asesoramiento personalizado, adaptado a sus&hellip; <a class=\"continue\" href=\"https:\/\/quarckabogados.com\/es\/sobre-nosotros\/\">Continue Reading<span> Sobre nosotros<\/span><\/a><\/p>\n","protected":false},"author":1,"featured_media":0,"parent":0,"menu_order":0,"comment_status":"closed","ping_status":"closed","template":"full_width.php","meta":{"footnotes":""},"class_list":["post-16337","page","type-page","status-publish","hentry"],"yoast_head":"<!-- This site is optimized with the Yoast SEO plugin v27.2 - https:\/\/yoast.com\/product\/yoast-seo-wordpress\/ -->\n<title>Sobre nosotros - Quarck Abogados<\/title>\n<meta name=\"robots\" content=\"index, follow, max-snippet:-1, max-image-preview:large, max-video-preview:-1\" \/>\n<link rel=\"canonical\" href=\"https:\/\/quarckabogados.com\/about-us\/\" \/>\n<meta property=\"og:locale\" content=\"es_ES\" \/>\n<meta property=\"og:type\" content=\"article\" \/>\n<meta property=\"og:title\" content=\"Sobre nosotros - Quarck Abogados\" \/>\n<meta property=\"og:description\" content=\"[vc_row css_animation=\u00bb\u00bb row_type=\u00bbrow\u00bb use_row_as_full_screen_section=\u00bbno\u00bb type=\u00bbgrid\u00bb angled_section=\u00bbno\u00bb text_align=\u00bbleft\u00bb background_image_as_pattern=\u00bbwithout_pattern\u00bb padding_top=\u00bb102&#8243; el_class=\u00bbicon_border\u00bb padding_bottom=\u00bb0&#8243;][vc_column][vc_column_text css=\u00bb\u00bb] la firma [\/vc_column_text][vc_separator type=\u00bbsmall\u00bb position=\u00bbcenter\u00bb up=\u00bb33&#8243; down=\u00bb58&#8243;][vc_row_inner row_type=\u00bbrow\u00bb type=\u00bbfull_width\u00bb text_align=\u00bbleft\u00bb css_animation=\u00bb\u00bb][vc_column_inner width=\u00bb1\/3&#8243;][vc_column_text css=\u00bb\u00bb]Quarck Abogados es una firma de asesor\u00eda legal y fiscal que ofrece a sus clientes un asesoramiento personalizado, adaptado a sus&hellip; Continue Reading Sobre nosotros\" \/>\n<meta property=\"og:url\" content=\"https:\/\/quarckabogados.com\/about-us\/\" \/>\n<meta property=\"og:site_name\" content=\"Quarck Abogados\" \/>\n<meta property=\"article:modified_time\" content=\"2025-09-23T09:21:01+00:00\" \/>\n<meta name=\"twitter:card\" content=\"summary_large_image\" \/>\n<meta name=\"twitter:label1\" content=\"Tiempo de lectura\" \/>\n\t<meta name=\"twitter:data1\" content=\"5 minutos\" \/>\n<script type=\"application\/ld+json\" class=\"yoast-schema-graph\">{\"@context\":\"https:\/\/schema.org\",\"@graph\":[{\"@type\":\"WebPage\",\"@id\":\"https:\/\/quarckabogados.com\/about-us\/\",\"url\":\"https:\/\/quarckabogados.com\/about-us\/\",\"name\":\"Sobre nosotros - Quarck Abogados\",\"isPartOf\":{\"@id\":\"https:\/\/quarckabogados.com\/#website\"},\"datePublished\":\"2014-03-24T10:54:51+00:00\",\"dateModified\":\"2025-09-23T09:21:01+00:00\",\"breadcrumb\":{\"@id\":\"https:\/\/quarckabogados.com\/about-us\/#breadcrumb\"},\"inLanguage\":\"es\",\"potentialAction\":[{\"@type\":\"ReadAction\",\"target\":[\"https:\/\/quarckabogados.com\/about-us\/\"]}]},{\"@type\":\"BreadcrumbList\",\"@id\":\"https:\/\/quarckabogados.com\/about-us\/#breadcrumb\",\"itemListElement\":[{\"@type\":\"ListItem\",\"position\":1,\"name\":\"Home\",\"item\":\"https:\/\/quarckabogados.com\/\"},{\"@type\":\"ListItem\",\"position\":2,\"name\":\"Sobre nosotros\"}]},{\"@type\":\"WebSite\",\"@id\":\"https:\/\/quarckabogados.com\/#website\",\"url\":\"https:\/\/quarckabogados.com\/\",\"name\":\"Quarck Abogados\",\"description\":\"\",\"potentialAction\":[{\"@type\":\"SearchAction\",\"target\":{\"@type\":\"EntryPoint\",\"urlTemplate\":\"https:\/\/quarckabogados.com\/?s={search_term_string}\"},\"query-input\":{\"@type\":\"PropertyValueSpecification\",\"valueRequired\":true,\"valueName\":\"search_term_string\"}}],\"inLanguage\":\"es\"}]}<\/script>\n<!-- \/ Yoast SEO plugin. -->","yoast_head_json":{"title":"Sobre nosotros - Quarck Abogados","robots":{"index":"index","follow":"follow","max-snippet":"max-snippet:-1","max-image-preview":"max-image-preview:large","max-video-preview":"max-video-preview:-1"},"canonical":"https:\/\/quarckabogados.com\/about-us\/","og_locale":"es_ES","og_type":"article","og_title":"Sobre nosotros - Quarck Abogados","og_description":"[vc_row css_animation=\u00bb\u00bb row_type=\u00bbrow\u00bb use_row_as_full_screen_section=\u00bbno\u00bb type=\u00bbgrid\u00bb angled_section=\u00bbno\u00bb text_align=\u00bbleft\u00bb background_image_as_pattern=\u00bbwithout_pattern\u00bb padding_top=\u00bb102&#8243; el_class=\u00bbicon_border\u00bb padding_bottom=\u00bb0&#8243;][vc_column][vc_column_text css=\u00bb\u00bb] la firma [\/vc_column_text][vc_separator type=\u00bbsmall\u00bb position=\u00bbcenter\u00bb up=\u00bb33&#8243; down=\u00bb58&#8243;][vc_row_inner row_type=\u00bbrow\u00bb type=\u00bbfull_width\u00bb text_align=\u00bbleft\u00bb css_animation=\u00bb\u00bb][vc_column_inner width=\u00bb1\/3&#8243;][vc_column_text css=\u00bb\u00bb]Quarck Abogados es una firma de asesor\u00eda legal y fiscal que ofrece a sus clientes un asesoramiento personalizado, adaptado a sus&hellip; Continue Reading Sobre nosotros","og_url":"https:\/\/quarckabogados.com\/about-us\/","og_site_name":"Quarck Abogados","article_modified_time":"2025-09-23T09:21:01+00:00","twitter_card":"summary_large_image","twitter_misc":{"Tiempo de lectura":"5 minutos"},"schema":{"@context":"https:\/\/schema.org","@graph":[{"@type":"WebPage","@id":"https:\/\/quarckabogados.com\/about-us\/","url":"https:\/\/quarckabogados.com\/about-us\/","name":"Sobre nosotros - Quarck Abogados","isPartOf":{"@id":"https:\/\/quarckabogados.com\/#website"},"datePublished":"2014-03-24T10:54:51+00:00","dateModified":"2025-09-23T09:21:01+00:00","breadcrumb":{"@id":"https:\/\/quarckabogados.com\/about-us\/#breadcrumb"},"inLanguage":"es","potentialAction":[{"@type":"ReadAction","target":["https:\/\/quarckabogados.com\/about-us\/"]}]},{"@type":"BreadcrumbList","@id":"https:\/\/quarckabogados.com\/about-us\/#breadcrumb","itemListElement":[{"@type":"ListItem","position":1,"name":"Home","item":"https:\/\/quarckabogados.com\/"},{"@type":"ListItem","position":2,"name":"Sobre nosotros"}]},{"@type":"WebSite","@id":"https:\/\/quarckabogados.com\/#website","url":"https:\/\/quarckabogados.com\/","name":"Quarck Abogados","description":"","potentialAction":[{"@type":"SearchAction","target":{"@type":"EntryPoint","urlTemplate":"https:\/\/quarckabogados.com\/?s={search_term_string}"},"query-input":{"@type":"PropertyValueSpecification","valueRequired":true,"valueName":"search_term_string"}}],"inLanguage":"es"}]}},"_links":{"self":[{"href":"https:\/\/quarckabogados.com\/es\/wp-json\/wp\/v2\/pages\/16337","targetHints":{"allow":["GET"]}}],"collection":[{"href":"https:\/\/quarckabogados.com\/es\/wp-json\/wp\/v2\/pages"}],"about":[{"href":"https:\/\/quarckabogados.com\/es\/wp-json\/wp\/v2\/types\/page"}],"author":[{"embeddable":true,"href":"https:\/\/quarckabogados.com\/es\/wp-json\/wp\/v2\/users\/1"}],"replies":[{"embeddable":true,"href":"https:\/\/quarckabogados.com\/es\/wp-json\/wp\/v2\/comments?post=16337"}],"version-history":[{"count":2,"href":"https:\/\/quarckabogados.com\/es\/wp-json\/wp\/v2\/pages\/16337\/revisions"}],"predecessor-version":[{"id":16339,"href":"https:\/\/quarckabogados.com\/es\/wp-json\/wp\/v2\/pages\/16337\/revisions\/16339"}],"wp:attachment":[{"href":"https:\/\/quarckabogados.com\/es\/wp-json\/wp\/v2\/media?parent=16337"}],"curies":[{"name":"wp","href":"https:\/\/api.w.org\/{rel}","templated":true}]}}